{"id":7986,"date":"2025-12-04T15:15:13","date_gmt":"2025-12-04T14:15:13","guid":{"rendered":"https:\/\/roschen-agrarhandel.eu\/?page_id=7986"},"modified":"2025-12-04T15:42:41","modified_gmt":"2025-12-04T14:42:41","slug":"barreriefreiheitserklaerung","status":"publish","type":"page","link":"https:\/\/roschen-agrarhandel.eu\/de\/barreriefreiheitserklaerung\/","title":{"rendered":"Barrierefreiheitserkl\u00e4rung"},"content":{"rendered":"\t\t<div data-elementor-type=\"wp-page\" data-elementor-id=\"7986\" class=\"elementor elementor-7986\" data-elementor-post-type=\"page\">\n\t\t\t\t\t\t<section class=\"has_ma_el_bg_slider elementor-section elementor-top-section elementor-element elementor-element-99b009c elementor-section-boxed elementor-section-height-default elementor-section-height-default jltma-glass-effect-no\" data-id=\"99b009c\" data-element_type=\"section\">\n\t\t\t\t\t\t<div class=\"elementor-container elementor-column-gap-default\">\n\t\t\t\t\t<div class=\"has_ma_el_bg_slider elementor-column elementor-col-100 elementor-top-column elementor-element elementor-element-8ad04ad jltma-glass-effect-no\" data-id=\"8ad04ad\" data-element_type=\"column\">\n\t\t\t<div class=\"elementor-widget-wrap\">\n\t\t\t\t\t\t\t<\/div>\n\t\t<\/div>\n\t\t\t\t\t<\/div>\n\t\t<\/section>\n\t\t\t\t<section class=\"has_ma_el_bg_slider elementor-section elementor-top-section elementor-element elementor-element-5ee7f62 elementor-section-boxed elementor-section-height-default elementor-section-height-default jltma-glass-effect-no\" data-id=\"5ee7f62\" data-element_type=\"section\">\n\t\t\t\t\t\t<div class=\"elementor-container elementor-column-gap-default\">\n\t\t\t\t\t<div class=\"has_ma_el_bg_slider elementor-column elementor-col-100 elementor-top-column elementor-element elementor-element-179caf0 jltma-glass-effect-no\" data-id=\"179caf0\" data-element_type=\"column\">\n\t\t\t<div class=\"elementor-widget-wrap elementor-element-populated\">\n\t\t\t\t\t\t<div class=\"elementor-element elementor-element-e168b05 jltma-glass-effect-no elementor-widget elementor-widget-heading\" data-id=\"e168b05\" data-element_type=\"widget\" data-widget_type=\"heading.default\">\n\t\t\t\t<div class=\"elementor-widget-container\">\n\t\t\t\t\t<h2 class=\"elementor-heading-title elementor-size-default\">Englische Version weiter unten<\/h2>\t\t\t\t<\/div>\n\t\t\t\t<\/div>\n\t\t\t\t<div class=\"elementor-element elementor-element-0d521a0 jltma-glass-effect-no elementor-widget elementor-widget-html\" data-id=\"0d521a0\" data-element_type=\"widget\" data-widget_type=\"html.default\">\n\t\t\t\t<div class=\"elementor-widget-container\">\n\t\t\t\t\t<h1>Erkl&auml;rung zur Barrierefreiheit f\u00fcr Dienstleistungen<\/h1> <p>Im Rahmen unserer Barrierefreiheitserkl&auml;rung m&ouml;chten wir Ihnen einen &Uuml;berblick &uuml;ber den Stand der Vereinbarkeit der unten beschriebenen Dienstleistung(en) mit den Anforderungen der Barrierefreiheit nach gesetzlichen Vorschriften (insbesondere mit dem Barrierefreiheitsst&auml;rkungsgesetz &ndash; BFSG) geben.<\/p>\n<h2>Angaben zum Dienstleistungserbringer<\/h2><p>Roschen Agrarhandel<br \/>\nMeinershauser Stra&szlig;e 150<br \/>\n28879 Grasberg<\/p>\n<p>E-Mail: roschen-agrarhandel@ewetel.net<br \/>\nTelefon: +49 (0)4208 1291<\/p>\n<p>Link zur Website: <a href=\"https:\/\/roschen-agrarhandel.eu\/de\/\">https:\/\/roschen-agrarhandel.eu\/de\/<\/a><br \/>\nLink zum Impressum: <a href=\"https:\/\/roschen-agrarhandel.eu\/de\/impressum\/\">https:\/\/roschen-agrarhandel.eu\/de\/impressum\/<\/a><br \/>\n\n<h2>Allgemeine Beschreibung der Dienstleistung<\/h2><p><p>Wir informieren Sie &uuml;ber unsere Unternehemn<\/p><\/p>\n\n<h2>Erl&auml;uterungen zur Durchf&uuml;hrung der Dienstleistung<\/h2><p><p>&Uuml;ber unsere Webseite https:\/\/roschen-agrarhandel.eu\/de Informieren wir Sie &uuml;ber uns dem Rauhfutterspezialist aus dem Norden und bieten ihnen die M&ouml;glichkeit mit uns in Kontakt zu treten.<\/p><\/p>\n\n<h2>Stand der Vereinbarkeit mit den Anforderungen<\/h2> <p>Wir setzen uns f&uuml;r digitale Barrierefreiheit ein und verfolgen das Ziel, unsere Website so zu gestalten, dass sie f&uuml;r alle Nutzerinnen und Nutzer uneingeschr&auml;nkt zug&auml;nglich ist. Daher arbeiten wir kontinuierlich daran, die Anforderungen des Barrierefreiheitsst&auml;rkungsgesetzes (BFSG) und der Verordnung zum Barrierefreiheitsst&auml;rkungsgesetz (BFSGV) vollst&auml;ndig umzusetzen.<\/p> <p>Unserer Webseite setzt die Vorgaben gem&auml;&szlig; Web Content Accessibility Guidelines (WCAG) um:<\/p><p><p>Tastaturbedienbarkeit: Alle Inhalte und Funktionen sind vollst&auml;ndig &uuml;ber die Tastatur zug&auml;nglich, sodass auch Nutzerinnen und Nutzer ohne Maus uneingeschr&auml;nkt navigieren k&ouml;nnen.<\/p>\n\n<p>Vorlesefunktion und ARIA-Attribute: Unsere Website unterst&uuml;tzt Vorlesefunktionen und ist mit ARIA-Attributen versehen, um die Nutzung mit Screenreadern zu erleichtern.<\/p>\n\n<p>Optimierte Kontraste und flexible Schriftgr&ouml;&szlig;en: Wir achten auf ausreichend hohe Farbkontraste f&uuml;r eine bessere Lesbarkeit und erm&ouml;glichen es, die Schriftgr&ouml;&szlig;e individuell anzupassen, um den unterschiedlichen Bed&uuml;rfnissen gerecht zu werden.<\/p><\/p>\n\n<h2>Feedbackm&ouml;glichkeit zur Meldung von Barrieren<\/h2> Wenn Ihnen Barrieren beim Zugang zu Inhalten auf unserer Website aufgefallen sind, k&ouml;nnen Sie uns gern einen Hinweis geben:<p>E-Mail: roschen-agrarhandel@ewetel.net<br \/>\nTelefon: +49 (0)4208 1291<\/p>\n\n<h2>Zust&auml;ndige Markt&uuml;berwachungsbeh&ouml;rde<\/h2> <p>Markt&uuml;berwachungsstelle der L&auml;nder f&uuml;r die Barrierefreiheit von Produkten und Dienstleistungen (MLBF)<br \/> c\/o Ministerium f\u00fcr Arbeit, Soziales, Gesundheit und Gleichstellung Sachsen-Anhalt<br \/> Postfach 39 11 55<br \/> 39135 Magdeburg<\/p> <p>Telefon: + 49 (0) 391 567 6970<br \/>E-Mail: mlbf@ms.sachsen-anhalt.de<\/p>\t\t\t\t<\/div>\n\t\t\t\t<\/div>\n\t\t\t\t\t<\/div>\n\t\t<\/div>\n\t\t\t\t\t<\/div>\n\t\t<\/section>\n\t\t\t\t<section class=\"has_ma_el_bg_slider elementor-section elementor-top-section elementor-element elementor-element-6cd716c elementor-section-boxed elementor-section-height-default elementor-section-height-default jltma-glass-effect-no\" data-id=\"6cd716c\" data-element_type=\"section\">\n\t\t\t\t\t\t<div class=\"elementor-container elementor-column-gap-default\">\n\t\t\t\t\t<div class=\"has_ma_el_bg_slider elementor-column elementor-col-100 elementor-top-column elementor-element elementor-element-331b702 jltma-glass-effect-no\" data-id=\"331b702\" data-element_type=\"column\">\n\t\t\t<div class=\"elementor-widget-wrap elementor-element-populated\">\n\t\t\t\t\t\t<div class=\"elementor-element elementor-element-88c3f6c jltma-glass-effect-no elementor-widget elementor-widget-html\" data-id=\"88c3f6c\" data-element_type=\"widget\" data-widget_type=\"html.default\">\n\t\t\t\t<div class=\"elementor-widget-container\">\n\t\t\t\t\t<h1>Accessibility Statement for Services<\/h1>\n<p>As part of our accessibility statement, we would like to give you an overview of the extent to which the service(s) described below comply with the accessibility requirements according to legal regulations (in particular the German Accessibility Strengthening Act \u2013 BFSG).<\/p>\n\n<h2>Information about the Service Provider<\/h2>\n<p>Roschen Agrarhandel<br \/>\nMeinershauser Stra\u00dfe 150<br \/>\n28879 Grasberg<\/p>\n\n<p>Email: roschen-agrarhandel@ewetel.net<br \/>\nPhone: +49 (0)4208 1291<\/p>\n\n<p>Website link: <a href=\"https:\/\/roschen-agrarhandel.eu\/de\/\">https:\/\/roschen-agrarhandel.eu\/de\/<\/a><br \/>\nImprint link: <a href=\"https:\/\/roschen-agrarhandel.eu\/de\/impressum\/\">https:\/\/roschen-agrarhandel.eu\/de\/impressum\/<\/a><\/p>\n\n<h2>General Description of the Service<\/h2>\n<p>We provide information about our company.<\/p>\n\n<h2>Explanation of How the Service Is Provided<\/h2>\n<p>Through our website https:\/\/roschen-agrarhandel.eu\/de we inform you about us as a roughage specialist from northern Germany and offer you the opportunity to get in touch with us.<\/p>\n\n<h2>Level of Compliance with Requirements<\/h2>\n<p>We are committed to digital accessibility and aim to design our website so that it is fully accessible to all users. Therefore, we continuously work on fully implementing the requirements of the Accessibility Strengthening Act (BFSG) and the Regulation on the Accessibility Strengthening Act (BFSGV).<\/p>\n\n<p>Our website implements the specifications according to the Web Content Accessibility Guidelines (WCAG):<\/p>\n\n<p>Keyboard accessibility: All content and functions are fully accessible via keyboard, allowing users who do not use a mouse to navigate without restrictions.<\/p>\n\n<p>Screen reader support and ARIA attributes: Our website supports screen reader functions and is equipped with ARIA attributes to facilitate use with assistive technologies.<\/p>\n\n<p>Optimized contrast and flexible font sizes: We ensure sufficiently high color contrast for better readability and allow font sizes to be adjusted individually to meet a wide range of user needs.<\/p>\n\n<h2>Feedback Options for Reporting Barriers<\/h2>\n<p>If you encounter any barriers when accessing content on our website, please feel free to notify us:<\/p>\n\n<p>Email: roschen-agrarhandel@ewetel.net<br \/>\nPhone: +49 (0)4208 1291<\/p>\n\n<h2>Responsible Market Surveillance Authority<\/h2>\n<p>Market Surveillance Authority of the Federal States for the Accessibility of Products and Services (MLBF)<br \/>\nc\/o Ministry of Labour, Social Affairs, Health and Equality of Saxony-Anhalt<br \/>\nP.O. Box 39 11 55<br \/>\n39135 Magdeburg<\/p>\n\n<p>Phone: +49 (0) 391 567 6970<br \/>\nEmail: mlbf@ms.sachsen-anhalt.de<\/p>\n\t\t\t\t<\/div>\n\t\t\t\t<\/div>\n\t\t\t\t\t<\/div>\n\t\t<\/div>\n\t\t\t\t\t<\/div>\n\t\t<\/section>\n\t\t\t\t<\/div>\n\t\t","protected":false},"excerpt":{"rendered":"<p>Englische Version weiter unten Erkl&auml;rung zur Barrierefreiheit f\u00fcr Dienstleistungen Im Rahmen unserer Barrierefreiheitserkl&auml;rung m&ouml;chten wir Ihnen einen &Uuml;berblick &uuml;ber den<span class=\"more-dots\">&#8230;<\/span><\/p>\n","protected":false},"author":1,"featured_media":0,"parent":0,"menu_order":0,"comment_status":"closed","ping_status":"closed","template":"","meta":{"footnotes":""},"class_list":["post-7986","page","type-page","status-publish","hentry"],"yoast_head":"<!-- This site is optimized with the Yoast SEO plugin v25.2 - https:\/\/yoast.com\/wordpress\/plugins\/seo\/ -->\n<title>Roschen Agrarhandel - Datenschutzerkl\u00e4rung<\/title>\n<meta name=\"description\" content=\"Barrierefreiheitserkl\u00e4rung mit Informationen zu erreichbarer digitaler Zug\u00e4nglichkeit und Kontakt f\u00fcr Barrieren\" \/>\n<meta name=\"robots\" content=\"index, follow, max-snippet:-1, max-image-preview:large, max-video-preview:-1\" \/>\n<link rel=\"canonical\" href=\"https:\/\/roschen-agrarhandel.eu\/de\/barreriefreiheitserklaerung\/\" \/>\n<meta property=\"og:locale\" content=\"de_DE\" \/>\n<meta property=\"og:type\" content=\"article\" \/>\n<meta property=\"og:title\" content=\"Roschen Agrarhandel - Datenschutzerkl\u00e4rung\" \/>\n<meta property=\"og:description\" content=\"Barrierefreiheitserkl\u00e4rung mit Informationen zu erreichbarer digitaler Zug\u00e4nglichkeit und Kontakt f\u00fcr Barrieren\" \/>\n<meta property=\"og:url\" content=\"https:\/\/roschen-agrarhandel.eu\/de\/barreriefreiheitserklaerung\/\" \/>\n<meta property=\"og:site_name\" content=\"Roschen Agrarhandel\" \/>\n<meta property=\"article:modified_time\" content=\"2025-12-04T14:42:41+00:00\" \/>\n<meta name=\"twitter:card\" content=\"summary_large_image\" \/>\n<meta name=\"twitter:label1\" content=\"Gesch\u00e4tzte Lesezeit\" \/>\n\t<meta name=\"twitter:data1\" content=\"4\u00a0Minuten\" \/>\n<script type=\"application\/ld+json\" class=\"yoast-schema-graph\">{\"@context\":\"https:\/\/schema.org\",\"@graph\":[{\"@type\":\"WebPage\",\"@id\":\"https:\/\/roschen-agrarhandel.eu\/barreriefreiheitserklaerung\/\",\"url\":\"https:\/\/roschen-agrarhandel.eu\/barreriefreiheitserklaerung\/\",\"name\":\"Roschen Agrarhandel - Datenschutzerkl\u00e4rung\",\"isPartOf\":{\"@id\":\"\/#website\"},\"datePublished\":\"2025-12-04T14:15:13+00:00\",\"dateModified\":\"2025-12-04T14:42:41+00:00\",\"description\":\"Barrierefreiheitserkl\u00e4rung mit Informationen zu erreichbarer digitaler Zug\u00e4nglichkeit und Kontakt f\u00fcr Barrieren\",\"breadcrumb\":{\"@id\":\"https:\/\/roschen-agrarhandel.eu\/barreriefreiheitserklaerung\/#breadcrumb\"},\"inLanguage\":\"de\",\"potentialAction\":[{\"@type\":\"ReadAction\",\"target\":[\"https:\/\/roschen-agrarhandel.eu\/barreriefreiheitserklaerung\/\"]}]},{\"@type\":\"BreadcrumbList\",\"@id\":\"https:\/\/roschen-agrarhandel.eu\/barreriefreiheitserklaerung\/#breadcrumb\",\"itemListElement\":[{\"@type\":\"ListItem\",\"position\":1,\"name\":\"Home\",\"item\":\"https:\/\/roschen-agrarhandel.eu\/\"},{\"@type\":\"ListItem\",\"position\":2,\"name\":\"Barrierefreiheitserkl\u00e4rung\"}]},{\"@type\":\"WebSite\",\"@id\":\"\/#website\",\"url\":\"\/\",\"name\":\"Roschen Agrarhandel\",\"description\":\"\",\"publisher\":{\"@id\":\"\/#organization\"},\"potentialAction\":[{\"@type\":\"SearchAction\",\"target\":{\"@type\":\"EntryPoint\",\"urlTemplate\":\"\/?s={search_term_string}\"},\"query-input\":{\"@type\":\"PropertyValueSpecification\",\"valueRequired\":true,\"valueName\":\"search_term_string\"}}],\"inLanguage\":\"de\"},{\"@type\":\"Organization\",\"@id\":\"\/#organization\",\"name\":\"Roschen Agrarhandel\",\"url\":\"\/\",\"logo\":{\"@type\":\"ImageObject\",\"inLanguage\":\"de\",\"@id\":\"\/#\/schema\/logo\/image\/\",\"url\":\"https:\/\/roschen-agrarhandel.eu\/wp-content\/uploads\/2025\/03\/Design-ohne-Titel-4.png\",\"contentUrl\":\"https:\/\/roschen-agrarhandel.eu\/wp-content\/uploads\/2025\/03\/Design-ohne-Titel-4.png\",\"width\":3700,\"height\":3700,\"caption\":\"Roschen Agrarhandel\"},\"image\":{\"@id\":\"\/#\/schema\/logo\/image\/\"}}]}<\/script>\n<!-- \/ Yoast SEO plugin. -->","yoast_head_json":{"title":"Roschen Agrarhandel - Datenschutzerkl\u00e4rung","description":"Barrierefreiheitserkl\u00e4rung mit Informationen zu erreichbarer digitaler Zug\u00e4nglichkeit und Kontakt f\u00fcr Barrieren","robots":{"index":"index","follow":"follow","max-snippet":"max-snippet:-1","max-image-preview":"max-image-preview:large","max-video-preview":"max-video-preview:-1"},"canonical":"https:\/\/roschen-agrarhandel.eu\/de\/barreriefreiheitserklaerung\/","og_locale":"de_DE","og_type":"article","og_title":"Roschen Agrarhandel - Datenschutzerkl\u00e4rung","og_description":"Barrierefreiheitserkl\u00e4rung mit Informationen zu erreichbarer digitaler Zug\u00e4nglichkeit und Kontakt f\u00fcr Barrieren","og_url":"https:\/\/roschen-agrarhandel.eu\/de\/barreriefreiheitserklaerung\/","og_site_name":"Roschen Agrarhandel","article_modified_time":"2025-12-04T14:42:41+00:00","twitter_card":"summary_large_image","twitter_misc":{"Gesch\u00e4tzte Lesezeit":"4\u00a0Minuten"},"schema":{"@context":"https:\/\/schema.org","@graph":[{"@type":"WebPage","@id":"https:\/\/roschen-agrarhandel.eu\/barreriefreiheitserklaerung\/","url":"https:\/\/roschen-agrarhandel.eu\/barreriefreiheitserklaerung\/","name":"Roschen Agrarhandel - Datenschutzerkl\u00e4rung","isPartOf":{"@id":"\/#website"},"datePublished":"2025-12-04T14:15:13+00:00","dateModified":"2025-12-04T14:42:41+00:00","description":"Barrierefreiheitserkl\u00e4rung mit Informationen zu erreichbarer digitaler Zug\u00e4nglichkeit und Kontakt f\u00fcr Barrieren","breadcrumb":{"@id":"https:\/\/roschen-agrarhandel.eu\/barreriefreiheitserklaerung\/#breadcrumb"},"inLanguage":"de","potentialAction":[{"@type":"ReadAction","target":["https:\/\/roschen-agrarhandel.eu\/barreriefreiheitserklaerung\/"]}]},{"@type":"BreadcrumbList","@id":"https:\/\/roschen-agrarhandel.eu\/barreriefreiheitserklaerung\/#breadcrumb","itemListElement":[{"@type":"ListItem","position":1,"name":"Home","item":"https:\/\/roschen-agrarhandel.eu\/"},{"@type":"ListItem","position":2,"name":"Barrierefreiheitserkl\u00e4rung"}]},{"@type":"WebSite","@id":"\/#website","url":"\/","name":"Roschen Agrarhandel","description":"","publisher":{"@id":"\/#organization"},"potentialAction":[{"@type":"SearchAction","target":{"@type":"EntryPoint","urlTemplate":"\/?s={search_term_string}"},"query-input":{"@type":"PropertyValueSpecification","valueRequired":true,"valueName":"search_term_string"}}],"inLanguage":"de"},{"@type":"Organization","@id":"\/#organization","name":"Roschen Agrarhandel","url":"\/","logo":{"@type":"ImageObject","inLanguage":"de","@id":"\/#\/schema\/logo\/image\/","url":"https:\/\/roschen-agrarhandel.eu\/wp-content\/uploads\/2025\/03\/Design-ohne-Titel-4.png","contentUrl":"https:\/\/roschen-agrarhandel.eu\/wp-content\/uploads\/2025\/03\/Design-ohne-Titel-4.png","width":3700,"height":3700,"caption":"Roschen Agrarhandel"},"image":{"@id":"\/#\/schema\/logo\/image\/"}}]}},"_links":{"self":[{"href":"https:\/\/roschen-agrarhandel.eu\/de\/wp-json\/wp\/v2\/pages\/7986","targetHints":{"allow":["GET"]}}],"collection":[{"href":"https:\/\/roschen-agrarhandel.eu\/de\/wp-json\/wp\/v2\/pages"}],"about":[{"href":"https:\/\/roschen-agrarhandel.eu\/de\/wp-json\/wp\/v2\/types\/page"}],"author":[{"embeddable":true,"href":"https:\/\/roschen-agrarhandel.eu\/de\/wp-json\/wp\/v2\/users\/1"}],"replies":[{"embeddable":true,"href":"https:\/\/roschen-agrarhandel.eu\/de\/wp-json\/wp\/v2\/comments?post=7986"}],"version-history":[{"count":8,"href":"https:\/\/roschen-agrarhandel.eu\/de\/wp-json\/wp\/v2\/pages\/7986\/revisions"}],"predecessor-version":[{"id":7998,"href":"https:\/\/roschen-agrarhandel.eu\/de\/wp-json\/wp\/v2\/pages\/7986\/revisions\/7998"}],"wp:attachment":[{"href":"https:\/\/roschen-agrarhandel.eu\/de\/wp-json\/wp\/v2\/media?parent=7986"}],"curies":[{"name":"wp","href":"https:\/\/api.w.org\/{rel}","templated":true}]}}